{"id":29,"date":"2015-01-20T12:54:24","date_gmt":"2015-01-20T12:54:24","guid":{"rendered":"http:\/\/wordpress.skiundfreizeit.eu\/?page_id=29"},"modified":"2025-10-12T19:10:19","modified_gmt":"2025-10-12T18:10:19","slug":"vorwort","status":"publish","type":"page","link":"https:\/\/skiundfreizeit.eu\/","title":{"rendered":"Vorwort"},"content":{"rendered":"<h1>35 Jahre Ski- und Freizeitabteilung<\/h1>\n<p>Die Ski- und Freizeitabteilung wurde 1988 als eigenst\u00e4ndige Abteilung des FV 1912 Wiesental gegr\u00fcndet und ist seit dem Winter 1989 aktiv. Bereits 3 Jahre zuvor wurden von der Fu\u00dfballjugendabteilung Skifreizeiten f\u00fcr Kinder und Jugendliche durchgef\u00fchrt, die von Willi Schuhmacher und Manfred S\u00e4lzler, damals beide Jugendtrainer, geleitet wurden. Rasch waren die organisatorischen Strukturen aufgebaut mit Skigymnastik und dem Winterprogramm 1989, vereinseigenem Skiverleih und Ausbildung von Ski\u00fcbungsleitern.<\/p>\n<p>Das erste Winterangebot umfasste bereits 5 Freizeiten und zwar eine Kinder-\/Jugendfreizeit, 2 Familienfreizeiten, die Twen-Tours und das Skifinish. In den nachfolgenden Jahren wurde das Winterprogramm ausgeweitet und erg\u00e4nzt, so dass wir in der Zwischenzeit regelm\u00e4\u00dfig 7 Ski- und Snowboardfreizeiten anbieten, und zwar f\u00fcr Kinder, Jugendliche, Familien und Erwachsene.<\/p>\n<p>Grundlage dieser Entwicklung war auch die konsequente Aus- und Fortbildung. Hier verf\u00fcgen wir aktuell \u00fcber mehr als 25 Ski- und Snowboard\u00fcbungsleiter mit unterschiedlichen Qualifikationen, die in verschiedenen Freizeiten im Erwachsenen- und Jugendbereich t\u00e4tig sind. Die Ausbildung erfolgt sowohl beim Badischen Turnerbund &#8211; Abteilung Schneesport &#8211; als auch bei der vereinseigenen Fortbildung, die alle 2 Jahre stattfindet. Unsere \u00dcbungsleiter und Betreuer sind die Grundlage und die St\u00fctze unserer Abteilung.<\/p>\n<p>Besonders im Kinder- und Jugendbereich wollen wir Ma\u00dfst\u00e4be setzen. So ist die Kinderfreizeit (6 &#8211; 11 Jahre )mit 35 und die Jugendfreizeit ( 11 \u2013 17 Jahre ) mit 45 Teilnehmern frequentiert. Von\u00a0 vereinseigenen \u00dcbungsleitern betreut und eigener K\u00fcche versorgt \u2013 das ist unsere Erfolgsformel. F\u00fcr unsere K\u00fcchenteams, allen voran Chefkoch Nico beginnt der Arbeitstag am fr\u00fchen Morgen und endet oft erst in den sp\u00e4ten Abendstunden.<\/p>\n<p>Auch die Erwachsenen- und Familienfreizeit an Fasching bietet Geselligkeit, freudvolles Skifahren in Gruppen und\u00a0 Skikursm\u00f6glichkeit mit vereinseigenen \u00dcbungsleitern. In diesem Winter findet leider seit 35 Jahren erstmals keine Familienfreizeit statt. Der Hauptgrund liegt an den Olympischen Winterspielen 2026, die im Februar in S\u00fcdtirol stattfinden. Das hat eine deutliche Verknappung des Angebotes und damit verbundene Preissteigerungen zur Folge. Wir hoffen, dass sich die Verh\u00e4ltnisse im n\u00e4chsten Winter wieder normalisieren und wir ein vern\u00fcnftiges Angebot machen k\u00f6nnen.<\/p>\n<p>Ein wichtiger Baustein unserer Abteilung ist die funktionelle Fitnessgymnastik, die von Anfang Oktober bis Ende Juni stattfindet. Sie ist mit dem Pluspunkt Gesundheit ausgezeichnet und wird auch von vielen Vereinsmitgliedern und Nichtmitgliedern sowie Nichtskifahrern genutzt, um \u00fcber das ganze Jahr die sportliche Fitness zu erhalten.<\/p>\n<p>Ein weiteres wichtiges Mosaik stellt die Wander- und Tourensparte dar. Das Angebot reicht von genussvollen Mittelgebirgswanderungen bis zu hochalpinen und anspruchsvollen Touren in den Alpen. Initiator dieser Sparte ist der Vizepr\u00e4sident unseres Vereins, Manfred Schweikert.<\/p>\n<p>Unsere Angebote erreichen die Mitglieder des FV 1912 als auch Nichtmitglieder.<\/p>\n<p>Die Aktivit\u00e4ten der Ski- und Freizeitabteilung erg\u00e4nzen das sportliche und gesellschaftliche Angebot des FV 1912 Wiesental zur Wahrnehmung als fortschrittlicher und zukunftsorientierter Mehrspartenverein.<\/p>\n","protected":false},"excerpt":{"rendered":"<p>35 Jahre Ski- und Freizeitabteilung Die Ski- und Freizeitabteilung wurde 1988 als eigenst\u00e4ndige Abteilung des FV 1912 Wiesental gegr\u00fcndet und ist seit dem Winter 1989 aktiv. Bereits 3 Jahre zuvor wurden von der Fu\u00dfballjugendabteilung Skifreizeiten f\u00fcr Kinder und Jugendliche durchgef\u00fchrt, die von Willi Schuhmacher und Manfred S\u00e4lzler, damals beide Jugendtrainer, geleitet wurden. Rasch waren die [&hellip;]<\/p>\n","protected":false},"author":1,"featured_media":0,"parent":27,"menu_order":0,"comment_status":"closed","ping_status":"open","template":"","meta":{"footnotes":""},"class_list":["post-29","page","type-page","status-publish","czr-hentry"],"_links":{"self":[{"href":"https:\/\/skiundfreizeit.eu\/wp-json\/wp\/v2\/pages\/29","targetHints":{"allow":["GET"]}}],"collection":[{"href":"https:\/\/skiundfreizeit.eu\/wp-json\/wp\/v2\/pages"}],"about":[{"href":"https:\/\/skiundfreizeit.eu\/wp-json\/wp\/v2\/types\/page"}],"author":[{"embeddable":true,"href":"https:\/\/skiundfreizeit.eu\/wp-json\/wp\/v2\/users\/1"}],"replies":[{"embeddable":true,"href":"https:\/\/skiundfreizeit.eu\/wp-json\/wp\/v2\/comments?post=29"}],"version-history":[{"count":14,"href":"https:\/\/skiundfreizeit.eu\/wp-json\/wp\/v2\/pages\/29\/revisions"}],"predecessor-version":[{"id":2197,"href":"https:\/\/skiundfreizeit.eu\/wp-json\/wp\/v2\/pages\/29\/revisions\/2197"}],"up":[{"embeddable":true,"href":"https:\/\/skiundfreizeit.eu\/wp-json\/wp\/v2\/pages\/27"}],"wp:attachment":[{"href":"https:\/\/skiundfreizeit.eu\/wp-json\/wp\/v2\/media?parent=29"}],"curies":[{"name":"wp","href":"https:\/\/api.w.org\/{rel}","templated":true}]}}